
{"id":1906,"date":"2024-05-13T16:18:18","date_gmt":"2024-05-13T14:18:18","guid":{"rendered":"https:\/\/anatomyandinjections.com\/?page_id=1906"},"modified":"2024-05-23T17:52:33","modified_gmt":"2024-05-23T15:52:33","slug":"condition-generales-de-vente","status":"publish","type":"page","link":"https:\/\/anatomyandinjections.com\/en\/condition-generales-de-vente\/","title":{"rendered":"Condition g\u00e9n\u00e9rales de vente"},"content":{"rendered":"<div data-elementor-type=\"wp-page\" data-elementor-id=\"1906\" class=\"elementor elementor-1906\">\n\t\t\t\t<div class=\"elementor-element elementor-element-ca2ee00 e-flex e-con-boxed wpr-particle-no wpr-jarallax-no wpr-parallax-no wpr-sticky-section-no wpr-equal-height-no e-con e-parent\" data-id=\"ca2ee00\" data-element_type=\"container\" data-e-type=\"container\">\n\t\t\t\t\t<div class=\"e-con-inner\">\n\t\t\t\t<div class=\"elementor-element elementor-element-d38e625 elementor-widget elementor-widget-heading\" data-id=\"d38e625\" data-element_type=\"widget\" data-e-type=\"widget\" data-widget_type=\"heading.default\">\n\t\t\t\t<div class=\"elementor-widget-container\">\n\t\t\t\t\t<h2 class=\"elementor-heading-title elementor-size-default\">Condition g\u00e9n\u00e9rales de vente<\/h2>\t\t\t\t<\/div>\n\t\t\t\t<\/div>\n\t\t<div class=\"elementor-element elementor-element-901dd76 e-con-full e-flex wpr-particle-no wpr-jarallax-no wpr-parallax-no wpr-sticky-section-no wpr-equal-height-no e-con e-child\" data-id=\"901dd76\" data-element_type=\"container\" data-e-type=\"container\">\n\t\t\t\t<div class=\"elementor-element elementor-element-f21f8a8 elementor-widget elementor-widget-text-editor\" data-id=\"f21f8a8\" data-element_type=\"widget\" data-e-type=\"widget\" data-widget_type=\"text-editor.default\">\n\t\t\t\t<div class=\"elementor-widget-container\">\n\t\t\t\t\t\t\t\t\t<div id=\"gd-page-1\" class=\"gd-page loaded\"><div class=\"gd-wrapper\"><div class=\"pg1div pg1page\"><div class=\"pg1div\"><div class=\"pg1div\"><div class=\"pg1div\"><h3 class=\"font-bold\">Politique d&rsquo;annulation<\/h3><h4 class=\"font-bold\">Annulation de l&rsquo;inscription<\/h4><p class=\"whitespace-pre-wrap break-words\">L&rsquo;annulation doit \u00eatre faite par \u00e9crit.<\/p><ul class=\"list-disc pl-8 space-y-2 -mt-1\"><li class=\"whitespace-normal break-words\">Pour toute annulation notifi\u00e9e plus de 60 jours avant le premier jour de l&rsquo;\u00e9v\u00e9nement : remboursement int\u00e9gral des sommes pr\u00e9c\u00e9demment pay\u00e9es.<\/li><li class=\"whitespace-normal break-words\">Pour toute annulation notifi\u00e9e entre 30 et 60 jours avant le premier jour de l&rsquo;\u00e9v\u00e9nement : remboursement de 50 % des sommes pr\u00e9c\u00e9demment pay\u00e9es.<\/li><li class=\"whitespace-normal break-words\">Pour toute annulation notifi\u00e9e moins de 30 jours avant le premier jour de l&rsquo;\u00e9v\u00e9nement : aucun remboursement.<\/li><\/ul><h4 class=\"font-bold\">Modification du programme<\/h4><p class=\"whitespace-pre-wrap break-words\">Veuillez noter que bien que les conf\u00e9renciers, les expositions et les sessions aient \u00e9t\u00e9 confirm\u00e9s au moment de la publication, des circonstances \u00e9chappant au contr\u00f4le des organisateurs peuvent n\u00e9cessiter des substitutions, des modifications ou des annulations. Ainsi, ADELCEV \u00ab Anatomy and Injections \u00bb se r\u00e9serve le droit de modifier ou de modifier les conf\u00e9renciers, les expositions et les sessions annonc\u00e9s si n\u00e9cessaire, sans responsabilit\u00e9. Toutes les substitutions ou modifications seront mises \u00e0 jour sur notre portail d\u00e8s que possible.<\/p><h4 class=\"font-bold\">Limitation de responsabilit\u00e9 &#8211; Force majeure<\/h4><p class=\"whitespace-pre-wrap break-words\">ADELCEV \u00ab Anatomy and Injections \u00bb n&rsquo;assume aucune responsabilit\u00e9 en cas d&rsquo;annulation, de report ou de modification du congr\u00e8s ou de son passage \u00e0 un autre format en raison d&rsquo;un \u00e9v\u00e9nement de \u00ab\u00a0Force Majeure\u00a0\u00bb \u00e9chappant \u00e0 son contr\u00f4le raisonnable. \u00c0 des fins de cette clause, les \u00e9v\u00e9nements de Force Majeure incluront, sans s&rsquo;y limiter, les gr\u00e8ves g\u00e9n\u00e9rales et professionnelles, les invasions, les hostilit\u00e9s, la guerre, les \u00e9meutes ou des situations similaires, les urgences sanitaires, les actes du gouvernement ou de l&rsquo;\u00c9tat* tels que les mesures de confinement et de quarantaine, les restrictions en mati\u00e8re d&rsquo;immigration et de transport ou sur site, et les actes de la nature tels que les incendies, les inondations, les conditions m\u00e9t\u00e9orologiques extr\u00eames ou autres urgences.<\/p><p class=\"whitespace-pre-wrap break-words\"><strong>A &#8211;<\/strong> Si ADELCEV \u00ab Anatomy and Injections \u00bb d\u00e9termine que le congr\u00e8s doit \u00eatre annul\u00e9 en raison d&rsquo;un \u00e9v\u00e9nement de Force Majeure, ADELCEV \u00ab Anatomy and Injections \u00bb remboursera int\u00e9gralement les frais d&rsquo;inscription au participant.<\/p><p class=\"whitespace-pre-wrap break-words\"><strong>B &#8211;<\/strong> Si ADELCEV \u00ab Anatomy and Injections \u00bb d\u00e9termine que le congr\u00e8s doit \u00eatre report\u00e9 ou report\u00e9 en raison d&rsquo;un \u00e9v\u00e9nement de Force Majeure, l&rsquo;inscription reste contraignante et le participant aura le droit de participer au congr\u00e8s report\u00e9 sans aucun droit de remboursement suppl\u00e9mentaire.<\/p><p class=\"whitespace-pre-wrap break-words\">ADELCEV \u00ab Anatomy and Injections \u00bb n&rsquo;assume aucune obligation suppl\u00e9mentaire de rembourser les frais de voyage ou d&rsquo;h\u00e9bergement engag\u00e9s par le participant en cas d&rsquo;annulation, de report ou de report de l&rsquo;\u00e9v\u00e9nement en raison d&rsquo;un \u00e9v\u00e9nement de Force Majeure. Si le participant n&rsquo;est pas en mesure d&rsquo;assister au congr\u00e8s en raison d&rsquo;un \u00e9v\u00e9nement de Force Majeure, les r\u00e8gles g\u00e9n\u00e9rales de politique d&rsquo;annulation \u00e9nonc\u00e9es ci-dessus s&rsquo;appliqueront.<\/p><p class=\"whitespace-pre-wrap break-words\">*le gouvernement ou l&rsquo;\u00c9tat signifie \u00e0 la fois \u00ab\u00a0la France et le pays o\u00f9 se d\u00e9roule la conf\u00e9rence concern\u00e9e\u00a0\u00bb.<\/p><h4 class=\"font-bold\">Loi applicable<\/h4><p class=\"whitespace-pre-wrap break-words\">La construction, la validit\u00e9 et l&rsquo;ex\u00e9cution des pr\u00e9sentes conditions sont exclusivement r\u00e9gies par les lois de la France, sans r\u00e9f\u00e9rence ou consid\u00e9ration pour les principes de conflits de lois. Les parties se soumettent \u00e0 la juridiction exclusive des tribunaux de France, situ\u00e9s \u00e0 Lyon.<\/p><\/div><\/div><\/div><\/div><\/div><\/div>\t\t\t\t\t\t\t\t<\/div>\n\t\t\t\t<\/div>\n\t\t\t\t<\/div>\n\t\t\t\t\t<\/div>\n\t\t\t\t<\/div>\n\t\t\t\t<\/div>","protected":false},"excerpt":{"rendered":"<p>Condition g\u00e9n\u00e9rales de vente Politique d&rsquo;annulation Annulation de l&rsquo;inscription L&rsquo;annulation doit \u00eatre faite par \u00e9crit. Pour toute annulation notifi\u00e9e plus de 60 jours avant le premier jour de l&rsquo;\u00e9v\u00e9nement : remboursement int\u00e9gral des sommes pr\u00e9c\u00e9demment pay\u00e9es. Pour toute annulation notifi\u00e9e entre 30 et 60 jours avant le premier jour de l&rsquo;\u00e9v\u00e9nement : remboursement de 50 % des sommes pr\u00e9c\u00e9demment pay\u00e9es. Pour toute annulation notifi\u00e9e moins de 30 jours avant le premier jour de l&rsquo;\u00e9v\u00e9nement : aucun remboursement. Modification du programme Veuillez noter que bien que les conf\u00e9renciers, les expositions et les sessions aient \u00e9t\u00e9 confirm\u00e9s au moment de la publication, des circonstances \u00e9chappant au contr\u00f4le des organisateurs peuvent n\u00e9cessiter des substitutions, des modifications ou des annulations. Ainsi, ADELCEV \u00ab Anatomy and Injections \u00bb se r\u00e9serve le droit de modifier ou de modifier les conf\u00e9renciers, les expositions et les sessions annonc\u00e9s si n\u00e9cessaire, sans responsabilit\u00e9. Toutes les substitutions ou modifications seront mises \u00e0 jour sur notre portail d\u00e8s que possible. Limitation de responsabilit\u00e9 &#8211; Force majeure ADELCEV \u00ab Anatomy and Injections \u00bb n&rsquo;assume aucune responsabilit\u00e9 en cas d&rsquo;annulation, de report ou de modification du congr\u00e8s ou de son passage \u00e0 un autre format en raison d&rsquo;un \u00e9v\u00e9nement de \u00ab\u00a0Force Majeure\u00a0\u00bb \u00e9chappant \u00e0 son contr\u00f4le raisonnable. \u00c0 des fins de cette clause, les \u00e9v\u00e9nements de Force Majeure incluront, sans s&rsquo;y limiter, les gr\u00e8ves g\u00e9n\u00e9rales et professionnelles, les invasions, les hostilit\u00e9s, la guerre, les \u00e9meutes ou des situations similaires, les urgences sanitaires, les actes du gouvernement ou de l&rsquo;\u00c9tat* tels que les mesures de confinement et de quarantaine, les restrictions en mati\u00e8re d&rsquo;immigration et de transport ou sur site, et les actes de la nature tels que les incendies, les inondations, les conditions m\u00e9t\u00e9orologiques extr\u00eames ou autres urgences. A &#8211; Si ADELCEV \u00ab Anatomy and Injections \u00bb d\u00e9termine que le congr\u00e8s doit \u00eatre annul\u00e9 en raison d&rsquo;un \u00e9v\u00e9nement de Force Majeure, ADELCEV \u00ab Anatomy and Injections \u00bb remboursera int\u00e9gralement les frais d&rsquo;inscription au participant. B &#8211; Si ADELCEV \u00ab Anatomy and Injections \u00bb d\u00e9termine que le congr\u00e8s doit \u00eatre report\u00e9 ou report\u00e9 en raison d&rsquo;un \u00e9v\u00e9nement de Force Majeure, l&rsquo;inscription reste contraignante et le participant aura le droit de participer au congr\u00e8s report\u00e9 sans aucun droit de remboursement suppl\u00e9mentaire. ADELCEV \u00ab Anatomy and Injections \u00bb n&rsquo;assume aucune obligation suppl\u00e9mentaire de rembourser les frais de voyage ou d&rsquo;h\u00e9bergement engag\u00e9s par le participant en cas d&rsquo;annulation, de report ou de report de l&rsquo;\u00e9v\u00e9nement en raison d&rsquo;un \u00e9v\u00e9nement de Force Majeure. Si le participant n&rsquo;est pas en mesure d&rsquo;assister au congr\u00e8s en raison d&rsquo;un \u00e9v\u00e9nement de Force Majeure, les r\u00e8gles g\u00e9n\u00e9rales de politique d&rsquo;annulation \u00e9nonc\u00e9es ci-dessus s&rsquo;appliqueront. *le gouvernement ou l&rsquo;\u00c9tat signifie \u00e0 la fois \u00ab\u00a0la France et le pays o\u00f9 se d\u00e9roule la conf\u00e9rence concern\u00e9e\u00a0\u00bb. Loi applicable La construction, la validit\u00e9 et l&rsquo;ex\u00e9cution des pr\u00e9sentes conditions sont exclusivement r\u00e9gies par les lois de la France, sans r\u00e9f\u00e9rence ou consid\u00e9ration pour les principes de conflits de lois. Les parties se soumettent \u00e0 la juridiction exclusive des tribunaux de France, situ\u00e9s \u00e0 Lyon.<\/p>","protected":false},"author":1,"featured_media":0,"parent":0,"menu_order":0,"comment_status":"closed","ping_status":"closed","template":"elementor_canvas","meta":{"footnotes":""},"class_list":["post-1906","page","type-page","status-publish","hentry"],"yoast_head":"<!-- This site is optimized with the Yoast SEO plugin v25.3 - https:\/\/yoast.com\/wordpress\/plugins\/seo\/ -->\n<title>Condition g\u00e9n\u00e9rales de vente - Anatomyandinjections<\/title>\n<meta name=\"robots\" content=\"index, follow, max-snippet:-1, max-image-preview:large, max-video-preview:-1\" \/>\n<link rel=\"canonical\" href=\"https:\/\/anatomyandinjections.com\/en\/condition-generales-de-vente\/\" \/>\n<meta property=\"og:locale\" content=\"en_US\" \/>\n<meta property=\"og:type\" content=\"article\" \/>\n<meta property=\"og:title\" content=\"Condition g\u00e9n\u00e9rales de vente - Anatomyandinjections\" \/>\n<meta property=\"og:description\" content=\"Condition g\u00e9n\u00e9rales de vente Politique d&rsquo;annulation Annulation de l&rsquo;inscription L&rsquo;annulation doit \u00eatre faite par \u00e9crit. Pour toute annulation notifi\u00e9e plus de 60 jours avant le premier jour de l&rsquo;\u00e9v\u00e9nement : remboursement int\u00e9gral des sommes pr\u00e9c\u00e9demment pay\u00e9es. Pour toute annulation notifi\u00e9e entre 30 et 60 jours avant le premier jour de l&rsquo;\u00e9v\u00e9nement : remboursement de 50 % des sommes pr\u00e9c\u00e9demment pay\u00e9es. Pour toute annulation notifi\u00e9e moins de 30 jours avant le premier jour de l&rsquo;\u00e9v\u00e9nement : aucun remboursement. Modification du programme Veuillez noter que bien que les conf\u00e9renciers, les expositions et les sessions aient \u00e9t\u00e9 confirm\u00e9s au moment de la publication, des circonstances \u00e9chappant au contr\u00f4le des organisateurs peuvent n\u00e9cessiter des substitutions, des modifications ou des annulations. Ainsi, ADELCEV \u00ab Anatomy and Injections \u00bb se r\u00e9serve le droit de modifier ou de modifier les conf\u00e9renciers, les expositions et les sessions annonc\u00e9s si n\u00e9cessaire, sans responsabilit\u00e9. Toutes les substitutions ou modifications seront mises \u00e0 jour sur notre portail d\u00e8s que possible. Limitation de responsabilit\u00e9 &#8211; Force majeure ADELCEV \u00ab Anatomy and Injections \u00bb n&rsquo;assume aucune responsabilit\u00e9 en cas d&rsquo;annulation, de report ou de modification du congr\u00e8s ou de son passage \u00e0 un autre format en raison d&rsquo;un \u00e9v\u00e9nement de \u00ab\u00a0Force Majeure\u00a0\u00bb \u00e9chappant \u00e0 son contr\u00f4le raisonnable. \u00c0 des fins de cette clause, les \u00e9v\u00e9nements de Force Majeure incluront, sans s&rsquo;y limiter, les gr\u00e8ves g\u00e9n\u00e9rales et professionnelles, les invasions, les hostilit\u00e9s, la guerre, les \u00e9meutes ou des situations similaires, les urgences sanitaires, les actes du gouvernement ou de l&rsquo;\u00c9tat* tels que les mesures de confinement et de quarantaine, les restrictions en mati\u00e8re d&rsquo;immigration et de transport ou sur site, et les actes de la nature tels que les incendies, les inondations, les conditions m\u00e9t\u00e9orologiques extr\u00eames ou autres urgences. A &#8211; Si ADELCEV \u00ab Anatomy and Injections \u00bb d\u00e9termine que le congr\u00e8s doit \u00eatre annul\u00e9 en raison d&rsquo;un \u00e9v\u00e9nement de Force Majeure, ADELCEV \u00ab Anatomy and Injections \u00bb remboursera int\u00e9gralement les frais d&rsquo;inscription au participant. B &#8211; Si ADELCEV \u00ab Anatomy and Injections \u00bb d\u00e9termine que le congr\u00e8s doit \u00eatre report\u00e9 ou report\u00e9 en raison d&rsquo;un \u00e9v\u00e9nement de Force Majeure, l&rsquo;inscription reste contraignante et le participant aura le droit de participer au congr\u00e8s report\u00e9 sans aucun droit de remboursement suppl\u00e9mentaire. ADELCEV \u00ab Anatomy and Injections \u00bb n&rsquo;assume aucune obligation suppl\u00e9mentaire de rembourser les frais de voyage ou d&rsquo;h\u00e9bergement engag\u00e9s par le participant en cas d&rsquo;annulation, de report ou de report de l&rsquo;\u00e9v\u00e9nement en raison d&rsquo;un \u00e9v\u00e9nement de Force Majeure. Si le participant n&rsquo;est pas en mesure d&rsquo;assister au congr\u00e8s en raison d&rsquo;un \u00e9v\u00e9nement de Force Majeure, les r\u00e8gles g\u00e9n\u00e9rales de politique d&rsquo;annulation \u00e9nonc\u00e9es ci-dessus s&rsquo;appliqueront. *le gouvernement ou l&rsquo;\u00c9tat signifie \u00e0 la fois \u00ab\u00a0la France et le pays o\u00f9 se d\u00e9roule la conf\u00e9rence concern\u00e9e\u00a0\u00bb. Loi applicable La construction, la validit\u00e9 et l&rsquo;ex\u00e9cution des pr\u00e9sentes conditions sont exclusivement r\u00e9gies par les lois de la France, sans r\u00e9f\u00e9rence ou consid\u00e9ration pour les principes de conflits de lois. Les parties se soumettent \u00e0 la juridiction exclusive des tribunaux de France, situ\u00e9s \u00e0 Lyon.\" \/>\n<meta property=\"og:url\" content=\"https:\/\/anatomyandinjections.com\/en\/condition-generales-de-vente\/\" \/>\n<meta property=\"og:site_name\" content=\"Anatomyandinjections\" \/>\n<meta property=\"article:modified_time\" content=\"2024-05-23T15:52:33+00:00\" \/>\n<meta name=\"twitter:card\" content=\"summary_large_image\" \/>\n<meta name=\"twitter:label1\" content=\"Est. reading time\" \/>\n\t<meta name=\"twitter:data1\" content=\"3 minutes\" \/>\n<script type=\"application\/ld+json\" class=\"yoast-schema-graph\">{\"@context\":\"https:\/\/schema.org\",\"@graph\":[{\"@type\":\"WebPage\",\"@id\":\"https:\/\/anatomyandinjections.com\/condition-generales-de-vente\/\",\"url\":\"https:\/\/anatomyandinjections.com\/condition-generales-de-vente\/\",\"name\":\"Condition g\u00e9n\u00e9rales de vente - Anatomyandinjections\",\"isPartOf\":{\"@id\":\"https:\/\/anatomyandinjections.com\/#website\"},\"datePublished\":\"2024-05-13T14:18:18+00:00\",\"dateModified\":\"2024-05-23T15:52:33+00:00\",\"breadcrumb\":{\"@id\":\"https:\/\/anatomyandinjections.com\/condition-generales-de-vente\/#breadcrumb\"},\"inLanguage\":\"en-US\",\"potentialAction\":[{\"@type\":\"ReadAction\",\"target\":[\"https:\/\/anatomyandinjections.com\/condition-generales-de-vente\/\"]}]},{\"@type\":\"BreadcrumbList\",\"@id\":\"https:\/\/anatomyandinjections.com\/condition-generales-de-vente\/#breadcrumb\",\"itemListElement\":[{\"@type\":\"ListItem\",\"position\":1,\"name\":\"Accueil\",\"item\":\"https:\/\/anatomyandinjections.com\/\"},{\"@type\":\"ListItem\",\"position\":2,\"name\":\"Condition g\u00e9n\u00e9rales de vente\"}]},{\"@type\":\"WebSite\",\"@id\":\"https:\/\/anatomyandinjections.com\/#website\",\"url\":\"https:\/\/anatomyandinjections.com\/\",\"name\":\"Anatomyandinjections\",\"description\":\"D\u00e9couvrez l\u2019excellence du comit\u00e9 scientifique de notre Masterclass Anatomy and Injections Botilium Toxin Full Face\",\"publisher\":{\"@id\":\"https:\/\/anatomyandinjections.com\/#organization\"},\"potentialAction\":[{\"@type\":\"SearchAction\",\"target\":{\"@type\":\"EntryPoint\",\"urlTemplate\":\"https:\/\/anatomyandinjections.com\/?s={search_term_string}\"},\"query-input\":{\"@type\":\"PropertyValueSpecification\",\"valueRequired\":true,\"valueName\":\"search_term_string\"}}],\"inLanguage\":\"en-US\"},{\"@type\":\"Organization\",\"@id\":\"https:\/\/anatomyandinjections.com\/#organization\",\"name\":\"Anatomyandinjections\",\"url\":\"https:\/\/anatomyandinjections.com\/\",\"logo\":{\"@type\":\"ImageObject\",\"inLanguage\":\"en-US\",\"@id\":\"https:\/\/anatomyandinjections.com\/#\/schema\/logo\/image\/\",\"url\":\"https:\/\/anatomyandinjections.com\/wp-content\/uploads\/2024\/05\/cropped-Image_Favicon_aai.png\",\"contentUrl\":\"https:\/\/anatomyandinjections.com\/wp-content\/uploads\/2024\/05\/cropped-Image_Favicon_aai.png\",\"width\":512,\"height\":512,\"caption\":\"Anatomyandinjections\"},\"image\":{\"@id\":\"https:\/\/anatomyandinjections.com\/#\/schema\/logo\/image\/\"}}]}<\/script>\n<!-- \/ Yoast SEO plugin. -->","yoast_head_json":{"title":"Condition g\u00e9n\u00e9rales de vente - Anatomyandinjections","robots":{"index":"index","follow":"follow","max-snippet":"max-snippet:-1","max-image-preview":"max-image-preview:large","max-video-preview":"max-video-preview:-1"},"canonical":"https:\/\/anatomyandinjections.com\/en\/condition-generales-de-vente\/","og_locale":"en_US","og_type":"article","og_title":"Condition g\u00e9n\u00e9rales de vente - Anatomyandinjections","og_description":"Condition g\u00e9n\u00e9rales de vente Politique d&rsquo;annulation Annulation de l&rsquo;inscription L&rsquo;annulation doit \u00eatre faite par \u00e9crit. Pour toute annulation notifi\u00e9e plus de 60 jours avant le premier jour de l&rsquo;\u00e9v\u00e9nement : remboursement int\u00e9gral des sommes pr\u00e9c\u00e9demment pay\u00e9es. Pour toute annulation notifi\u00e9e entre 30 et 60 jours avant le premier jour de l&rsquo;\u00e9v\u00e9nement : remboursement de 50 % des sommes pr\u00e9c\u00e9demment pay\u00e9es. Pour toute annulation notifi\u00e9e moins de 30 jours avant le premier jour de l&rsquo;\u00e9v\u00e9nement : aucun remboursement. Modification du programme Veuillez noter que bien que les conf\u00e9renciers, les expositions et les sessions aient \u00e9t\u00e9 confirm\u00e9s au moment de la publication, des circonstances \u00e9chappant au contr\u00f4le des organisateurs peuvent n\u00e9cessiter des substitutions, des modifications ou des annulations. Ainsi, ADELCEV \u00ab Anatomy and Injections \u00bb se r\u00e9serve le droit de modifier ou de modifier les conf\u00e9renciers, les expositions et les sessions annonc\u00e9s si n\u00e9cessaire, sans responsabilit\u00e9. Toutes les substitutions ou modifications seront mises \u00e0 jour sur notre portail d\u00e8s que possible. Limitation de responsabilit\u00e9 &#8211; Force majeure ADELCEV \u00ab Anatomy and Injections \u00bb n&rsquo;assume aucune responsabilit\u00e9 en cas d&rsquo;annulation, de report ou de modification du congr\u00e8s ou de son passage \u00e0 un autre format en raison d&rsquo;un \u00e9v\u00e9nement de \u00ab\u00a0Force Majeure\u00a0\u00bb \u00e9chappant \u00e0 son contr\u00f4le raisonnable. \u00c0 des fins de cette clause, les \u00e9v\u00e9nements de Force Majeure incluront, sans s&rsquo;y limiter, les gr\u00e8ves g\u00e9n\u00e9rales et professionnelles, les invasions, les hostilit\u00e9s, la guerre, les \u00e9meutes ou des situations similaires, les urgences sanitaires, les actes du gouvernement ou de l&rsquo;\u00c9tat* tels que les mesures de confinement et de quarantaine, les restrictions en mati\u00e8re d&rsquo;immigration et de transport ou sur site, et les actes de la nature tels que les incendies, les inondations, les conditions m\u00e9t\u00e9orologiques extr\u00eames ou autres urgences. A &#8211; Si ADELCEV \u00ab Anatomy and Injections \u00bb d\u00e9termine que le congr\u00e8s doit \u00eatre annul\u00e9 en raison d&rsquo;un \u00e9v\u00e9nement de Force Majeure, ADELCEV \u00ab Anatomy and Injections \u00bb remboursera int\u00e9gralement les frais d&rsquo;inscription au participant. B &#8211; Si ADELCEV \u00ab Anatomy and Injections \u00bb d\u00e9termine que le congr\u00e8s doit \u00eatre report\u00e9 ou report\u00e9 en raison d&rsquo;un \u00e9v\u00e9nement de Force Majeure, l&rsquo;inscription reste contraignante et le participant aura le droit de participer au congr\u00e8s report\u00e9 sans aucun droit de remboursement suppl\u00e9mentaire. ADELCEV \u00ab Anatomy and Injections \u00bb n&rsquo;assume aucune obligation suppl\u00e9mentaire de rembourser les frais de voyage ou d&rsquo;h\u00e9bergement engag\u00e9s par le participant en cas d&rsquo;annulation, de report ou de report de l&rsquo;\u00e9v\u00e9nement en raison d&rsquo;un \u00e9v\u00e9nement de Force Majeure. Si le participant n&rsquo;est pas en mesure d&rsquo;assister au congr\u00e8s en raison d&rsquo;un \u00e9v\u00e9nement de Force Majeure, les r\u00e8gles g\u00e9n\u00e9rales de politique d&rsquo;annulation \u00e9nonc\u00e9es ci-dessus s&rsquo;appliqueront. *le gouvernement ou l&rsquo;\u00c9tat signifie \u00e0 la fois \u00ab\u00a0la France et le pays o\u00f9 se d\u00e9roule la conf\u00e9rence concern\u00e9e\u00a0\u00bb. Loi applicable La construction, la validit\u00e9 et l&rsquo;ex\u00e9cution des pr\u00e9sentes conditions sont exclusivement r\u00e9gies par les lois de la France, sans r\u00e9f\u00e9rence ou consid\u00e9ration pour les principes de conflits de lois. Les parties se soumettent \u00e0 la juridiction exclusive des tribunaux de France, situ\u00e9s \u00e0 Lyon.","og_url":"https:\/\/anatomyandinjections.com\/en\/condition-generales-de-vente\/","og_site_name":"Anatomyandinjections","article_modified_time":"2024-05-23T15:52:33+00:00","twitter_card":"summary_large_image","twitter_misc":{"Est. reading time":"3 minutes"},"schema":{"@context":"https:\/\/schema.org","@graph":[{"@type":"WebPage","@id":"https:\/\/anatomyandinjections.com\/condition-generales-de-vente\/","url":"https:\/\/anatomyandinjections.com\/condition-generales-de-vente\/","name":"Condition g\u00e9n\u00e9rales de vente - Anatomyandinjections","isPartOf":{"@id":"https:\/\/anatomyandinjections.com\/#website"},"datePublished":"2024-05-13T14:18:18+00:00","dateModified":"2024-05-23T15:52:33+00:00","breadcrumb":{"@id":"https:\/\/anatomyandinjections.com\/condition-generales-de-vente\/#breadcrumb"},"inLanguage":"en-US","potentialAction":[{"@type":"ReadAction","target":["https:\/\/anatomyandinjections.com\/condition-generales-de-vente\/"]}]},{"@type":"BreadcrumbList","@id":"https:\/\/anatomyandinjections.com\/condition-generales-de-vente\/#breadcrumb","itemListElement":[{"@type":"ListItem","position":1,"name":"Accueil","item":"https:\/\/anatomyandinjections.com\/"},{"@type":"ListItem","position":2,"name":"Condition g\u00e9n\u00e9rales de vente"}]},{"@type":"WebSite","@id":"https:\/\/anatomyandinjections.com\/#website","url":"https:\/\/anatomyandinjections.com\/","name":"Anatomyandinjections","description":"D\u00e9couvrez l\u2019excellence du comit\u00e9 scientifique de notre Masterclass Anatomy and Injections Botilium Toxin Full Face","publisher":{"@id":"https:\/\/anatomyandinjections.com\/#organization"},"potentialAction":[{"@type":"SearchAction","target":{"@type":"EntryPoint","urlTemplate":"https:\/\/anatomyandinjections.com\/?s={search_term_string}"},"query-input":{"@type":"PropertyValueSpecification","valueRequired":true,"valueName":"search_term_string"}}],"inLanguage":"en-US"},{"@type":"Organization","@id":"https:\/\/anatomyandinjections.com\/#organization","name":"Anatomyandinjections","url":"https:\/\/anatomyandinjections.com\/","logo":{"@type":"ImageObject","inLanguage":"en-US","@id":"https:\/\/anatomyandinjections.com\/#\/schema\/logo\/image\/","url":"https:\/\/anatomyandinjections.com\/wp-content\/uploads\/2024\/05\/cropped-Image_Favicon_aai.png","contentUrl":"https:\/\/anatomyandinjections.com\/wp-content\/uploads\/2024\/05\/cropped-Image_Favicon_aai.png","width":512,"height":512,"caption":"Anatomyandinjections"},"image":{"@id":"https:\/\/anatomyandinjections.com\/#\/schema\/logo\/image\/"}}]}},"acf":[],"_links":{"self":[{"href":"https:\/\/anatomyandinjections.com\/en\/wp-json\/wp\/v2\/pages\/1906","targetHints":{"allow":["GET"]}}],"collection":[{"href":"https:\/\/anatomyandinjections.com\/en\/wp-json\/wp\/v2\/pages"}],"about":[{"href":"https:\/\/anatomyandinjections.com\/en\/wp-json\/wp\/v2\/types\/page"}],"author":[{"embeddable":true,"href":"https:\/\/anatomyandinjections.com\/en\/wp-json\/wp\/v2\/users\/1"}],"replies":[{"embeddable":true,"href":"https:\/\/anatomyandinjections.com\/en\/wp-json\/wp\/v2\/comments?post=1906"}],"version-history":[{"count":9,"href":"https:\/\/anatomyandinjections.com\/en\/wp-json\/wp\/v2\/pages\/1906\/revisions"}],"predecessor-version":[{"id":2285,"href":"https:\/\/anatomyandinjections.com\/en\/wp-json\/wp\/v2\/pages\/1906\/revisions\/2285"}],"wp:attachment":[{"href":"https:\/\/anatomyandinjections.com\/en\/wp-json\/wp\/v2\/media?parent=1906"}],"curies":[{"name":"wp","href":"https:\/\/api.w.org\/{rel}","templated":true}]}}