
{"id":760,"date":"2024-04-11T16:29:35","date_gmt":"2024-04-11T14:29:35","guid":{"rendered":"https:\/\/anatomyandinjections.com\/?page_id=760"},"modified":"2024-05-06T13:46:57","modified_gmt":"2024-05-06T11:46:57","slug":"panier","status":"publish","type":"page","link":"https:\/\/anatomyandinjections.com\/en\/panier\/","title":{"rendered":"Panier"},"content":{"rendered":"<div data-elementor-type=\"wp-page\" data-elementor-id=\"760\" class=\"elementor elementor-760\">\n\t\t\t\t<div class=\"elementor-element elementor-element-0ecd523 e-flex e-con-boxed wpr-particle-no wpr-jarallax-no wpr-parallax-no wpr-sticky-section-no wpr-equal-height-no e-con e-parent\" data-id=\"0ecd523\" data-element_type=\"container\" data-e-type=\"container\">\n\t\t\t\t\t<div class=\"e-con-inner\">\n\t\t\t\t\t<\/div>\n\t\t\t\t<\/div>\n\t\t\t\t<\/div>","protected":false},"excerpt":{"rendered":"<p>&nbsp; Produit &nbsp; Prix Quantit\u00e9 Sous-total &times; Masterclass Lyon MASTERCLASS ANATOMIEDissections au laboratoire d\u02bcanatomie &#8211; 750 \u20ac Vendredi 04 octobre 2024: Donn\u00e9s par l&rsquo;ensemble des membres du Comit\u00e9 Scientifique Samedi 05 octobre 2024 COURS TH\u00c9ORIQUES + LIVE INJECTIONSDonn\u00e9s par l&rsquo;ensemble des membres du Comit\u00e9 Scientifique &#8211; 500 \u20ac Samedi 05 octobre 2024: Non ONE-TO-ONECaptation vid\u00e9o de votre One-to-One &#8211; 300 \u20ac Samedi 05 octobre 2024: Non Captation vid\u00e9o de votre One-to-OneFormat adapt\u00e9 \u00e0 vos supports &#8211; 300 \u20ac Samedi 05 octobre 2024: Format adapt\u00e9 \u00e0 vos supports FORFAIT DE FORMATION PREMIUMLe forfait Premium comprend toutes les options de la Masterclass Anatomy and Injections 2024 &#8211; 1800 \u20ac: Non 1150,00&nbsp;&euro; quantit\u00e9 de Masterclass Lyon 1150,00&nbsp;&euro; &times; Master LONDRES THEORY, CADAVER &amp; TUTORIALSPractical in cadavers and lecture theatre &#8211; 2000 \u00a3 Friday, september 06th 2024: THEORY, CADAVER &amp; TUTORIALS ONE-TO-ONE LONDON45 minutes with an expert-instructor: anatomical reminders for the upper third and the lower hird of the face, injection on a model. &#8211; 800 \u00a3 Saturday, september 07th 2024: Non THEORY, CADAVER &amp; TUTORIALS + ONE-TO-ONETraining package for two days (includes all options) &#8211; 2500 \u00a3 Friday &amp; saturday, september 06_07th: Non 2000,00&nbsp;&euro; quantit\u00e9 de Master LONDRES 2000,00&nbsp;&euro; &times; Master LONDRES THEORY, CADAVER &amp; TUTORIALSPractical in cadavers and lecture theatre &#8211; 2000 \u00a3 Friday, september 06th 2024: THEORY, CADAVER &amp; TUTORIALS ONE-TO-ONE LONDON45 minutes with an expert-instructor: anatomical reminders for the upper third and the lower hird of the face, injection on a model. &#8211; 800 \u00a3 Saturday, september 07th 2024: Non THEORY, CADAVER &amp; TUTORIALS + ONE-TO-ONETraining package for two days (includes all options) &#8211; 2500 \u00a3 Friday &amp; saturday, september 06_07th: THEORY, CADAVER &amp; TUTORIALS + ONE-TO-ONE 2500,00&nbsp;&euro; quantit\u00e9 de Master LONDRES 2500,00&nbsp;&euro; &times; Masterclass Lyon MASTERCLASS ANATOMIEDissections au laboratoire d\u02bcanatomie &#8211; 750 \u20ac Vendredi 04 octobre 2024: Non COURS TH\u00c9ORIQUES + LIVE INJECTIONSDonn\u00e9s par l&rsquo;ensemble des membres du Comit\u00e9 Scientifique &#8211; 500 \u20ac Samedi 05 octobre 2024: Non ONE-TO-ONECaptation vid\u00e9o de votre One-to-One &#8211; 300 \u20ac Samedi 05 octobre 2024: Non Captation vid\u00e9o de votre One-to-OneFormat adapt\u00e9 \u00e0 vos supports &#8211; 300 \u20ac Samedi 05 octobre 2024: Format adapt\u00e9 \u00e0 vos supports FORFAIT DE FORMATION PREMIUMLe forfait Premium comprend toutes les options de la Masterclass Anatomy and Injections 2024 &#8211; 1800 \u20ac: Non 300,00&nbsp;&euro; quantit\u00e9 de Masterclass Lyon 300,00&nbsp;&euro; &times; Masterclass Lyon MASTERCLASS ANATOMIEDissections au laboratoire d\u02bcanatomie &#8211; 750 \u20ac Vendredi 04 octobre 2024: Donn\u00e9s par l&rsquo;ensemble des membres du Comit\u00e9 Scientifique Samedi 05 octobre 2024 COURS TH\u00c9ORIQUES + LIVE INJECTIONSDonn\u00e9s par l&rsquo;ensemble des membres du Comit\u00e9 Scientifique &#8211; 500 \u20ac Samedi 05 octobre 2024: Dissections au laboratoire d\u02bcanatomie Vendredi 04 octobre 2024 ONE-TO-ONECaptation vid\u00e9o de votre One-to-One &#8211; 300 \u20ac Samedi 05 octobre 2024: Formation individuelle de 45 minutes Captation vid\u00e9o de votre One-to-OneFormat adapt\u00e9 \u00e0 vos supports &#8211; 300 \u20ac Samedi 05 octobre 2024: Non FORFAIT DE FORMATION PREMIUMLe forfait Premium comprend toutes les options de la Masterclass Anatomy and Injections 2024 &#8211; 1800 \u20ac: Le forfait Premium comprend toutes les options de la Masterclass Anatomy and Injections 2024 1800,00&nbsp;&euro; quantit\u00e9 de Masterclass Lyon 1800,00&nbsp;&euro; Mettre \u00e0 jour le panier Appliquer le code Total panier Sous-total 7750,00&nbsp;&euro; Total 7750,00&nbsp;&euro; Valider la commande<\/p>","protected":false},"author":1,"featured_media":0,"parent":0,"menu_order":0,"comment_status":"closed","ping_status":"closed","template":"elementor_canvas","meta":{"footnotes":""},"class_list":["post-760","page","type-page","status-publish","hentry"],"yoast_head":"<!-- This site is optimized with the Yoast SEO plugin v25.3 - https:\/\/yoast.com\/wordpress\/plugins\/seo\/ -->\n<title>Panier - Anatomyandinjections<\/title>\n<meta name=\"robots\" content=\"index, follow, max-snippet:-1, max-image-preview:large, max-video-preview:-1\" \/>\n<link rel=\"canonical\" href=\"https:\/\/anatomyandinjections.com\/en\/panier\/\" \/>\n<meta property=\"og:locale\" content=\"en_US\" \/>\n<meta property=\"og:type\" content=\"article\" \/>\n<meta property=\"og:title\" content=\"Panier - Anatomyandinjections\" \/>\n<meta property=\"og:description\" content=\"&nbsp; Produit &nbsp; Prix Quantit\u00e9 Sous-total &times; Masterclass Lyon MASTERCLASS ANATOMIEDissections au laboratoire d\u02bcanatomie &#8211; 750 \u20ac Vendredi 04 octobre 2024: Donn\u00e9s par l&rsquo;ensemble des membres du Comit\u00e9 Scientifique Samedi 05 octobre 2024 COURS TH\u00c9ORIQUES + LIVE INJECTIONSDonn\u00e9s par l&rsquo;ensemble des membres du Comit\u00e9 Scientifique &#8211; 500 \u20ac Samedi 05 octobre 2024: Non ONE-TO-ONECaptation vid\u00e9o de votre One-to-One &#8211; 300 \u20ac Samedi 05 octobre 2024: Non Captation vid\u00e9o de votre One-to-OneFormat adapt\u00e9 \u00e0 vos supports &#8211; 300 \u20ac Samedi 05 octobre 2024: Format adapt\u00e9 \u00e0 vos supports FORFAIT DE FORMATION PREMIUMLe forfait Premium comprend toutes les options de la Masterclass Anatomy and Injections 2024 &#8211; 1800 \u20ac: Non 1150,00&nbsp;&euro; quantit\u00e9 de Masterclass Lyon 1150,00&nbsp;&euro; &times; Master LONDRES THEORY, CADAVER &amp; TUTORIALSPractical in cadavers and lecture theatre &#8211; 2000 \u00a3 Friday, september 06th 2024: THEORY, CADAVER &amp; TUTORIALS ONE-TO-ONE LONDON45 minutes with an expert-instructor: anatomical reminders for the upper third and the lower hird of the face, injection on a model. &#8211; 800 \u00a3 Saturday, september 07th 2024: Non THEORY, CADAVER &amp; TUTORIALS + ONE-TO-ONETraining package for two days (includes all options) &#8211; 2500 \u00a3 Friday &amp; saturday, september 06_07th: Non 2000,00&nbsp;&euro; quantit\u00e9 de Master LONDRES 2000,00&nbsp;&euro; &times; Master LONDRES THEORY, CADAVER &amp; TUTORIALSPractical in cadavers and lecture theatre &#8211; 2000 \u00a3 Friday, september 06th 2024: THEORY, CADAVER &amp; TUTORIALS ONE-TO-ONE LONDON45 minutes with an expert-instructor: anatomical reminders for the upper third and the lower hird of the face, injection on a model. &#8211; 800 \u00a3 Saturday, september 07th 2024: Non THEORY, CADAVER &amp; TUTORIALS + ONE-TO-ONETraining package for two days (includes all options) &#8211; 2500 \u00a3 Friday &amp; saturday, september 06_07th: THEORY, CADAVER &amp; TUTORIALS + ONE-TO-ONE 2500,00&nbsp;&euro; quantit\u00e9 de Master LONDRES 2500,00&nbsp;&euro; &times; Masterclass Lyon MASTERCLASS ANATOMIEDissections au laboratoire d\u02bcanatomie &#8211; 750 \u20ac Vendredi 04 octobre 2024: Non COURS TH\u00c9ORIQUES + LIVE INJECTIONSDonn\u00e9s par l&rsquo;ensemble des membres du Comit\u00e9 Scientifique &#8211; 500 \u20ac Samedi 05 octobre 2024: Non ONE-TO-ONECaptation vid\u00e9o de votre One-to-One &#8211; 300 \u20ac Samedi 05 octobre 2024: Non Captation vid\u00e9o de votre One-to-OneFormat adapt\u00e9 \u00e0 vos supports &#8211; 300 \u20ac Samedi 05 octobre 2024: Format adapt\u00e9 \u00e0 vos supports FORFAIT DE FORMATION PREMIUMLe forfait Premium comprend toutes les options de la Masterclass Anatomy and Injections 2024 &#8211; 1800 \u20ac: Non 300,00&nbsp;&euro; quantit\u00e9 de Masterclass Lyon 300,00&nbsp;&euro; &times; Masterclass Lyon MASTERCLASS ANATOMIEDissections au laboratoire d\u02bcanatomie &#8211; 750 \u20ac Vendredi 04 octobre 2024: Donn\u00e9s par l&rsquo;ensemble des membres du Comit\u00e9 Scientifique Samedi 05 octobre 2024 COURS TH\u00c9ORIQUES + LIVE INJECTIONSDonn\u00e9s par l&rsquo;ensemble des membres du Comit\u00e9 Scientifique &#8211; 500 \u20ac Samedi 05 octobre 2024: Dissections au laboratoire d\u02bcanatomie Vendredi 04 octobre 2024 ONE-TO-ONECaptation vid\u00e9o de votre One-to-One &#8211; 300 \u20ac Samedi 05 octobre 2024: Formation individuelle de 45 minutes Captation vid\u00e9o de votre One-to-OneFormat adapt\u00e9 \u00e0 vos supports &#8211; 300 \u20ac Samedi 05 octobre 2024: Non FORFAIT DE FORMATION PREMIUMLe forfait Premium comprend toutes les options de la Masterclass Anatomy and Injections 2024 &#8211; 1800 \u20ac: Le forfait Premium comprend toutes les options de la Masterclass Anatomy and Injections 2024 1800,00&nbsp;&euro; quantit\u00e9 de Masterclass Lyon 1800,00&nbsp;&euro; Mettre \u00e0 jour le panier Appliquer le code Total panier Sous-total 7750,00&nbsp;&euro; Total 7750,00&nbsp;&euro; Valider la commande\" \/>\n<meta property=\"og:url\" content=\"https:\/\/anatomyandinjections.com\/en\/panier\/\" \/>\n<meta property=\"og:site_name\" content=\"Anatomyandinjections\" \/>\n<meta property=\"article:modified_time\" content=\"2024-05-06T11:46:57+00:00\" \/>\n<meta property=\"og:image\" content=\"https:\/\/anatomyandinjections.com\/wp-content\/uploads\/2024\/04\/Slider_Lyon_2-300x300.jpg\" \/>\n<meta name=\"twitter:card\" content=\"summary_large_image\" \/>\n<meta name=\"twitter:label1\" content=\"Est. reading time\" \/>\n\t<meta name=\"twitter:data1\" content=\"2 minutes\" \/>\n<script type=\"application\/ld+json\" class=\"yoast-schema-graph\">{\"@context\":\"https:\/\/schema.org\",\"@graph\":[{\"@type\":\"WebPage\",\"@id\":\"https:\/\/anatomyandinjections.com\/panier\/\",\"url\":\"https:\/\/anatomyandinjections.com\/panier\/\",\"name\":\"Panier - Anatomyandinjections\",\"isPartOf\":{\"@id\":\"https:\/\/anatomyandinjections.com\/#website\"},\"primaryImageOfPage\":{\"@id\":\"https:\/\/anatomyandinjections.com\/panier\/#primaryimage\"},\"image\":{\"@id\":\"https:\/\/anatomyandinjections.com\/panier\/#primaryimage\"},\"thumbnailUrl\":\"https:\/\/anatomyandinjections.com\/wp-content\/uploads\/2024\/04\/Slider_Lyon_2-300x300.jpg\",\"datePublished\":\"2024-04-11T14:29:35+00:00\",\"dateModified\":\"2024-05-06T11:46:57+00:00\",\"breadcrumb\":{\"@id\":\"https:\/\/anatomyandinjections.com\/panier\/#breadcrumb\"},\"inLanguage\":\"en-US\",\"potentialAction\":[{\"@type\":\"ReadAction\",\"target\":[\"https:\/\/anatomyandinjections.com\/panier\/\"]}]},{\"@type\":\"ImageObject\",\"inLanguage\":\"en-US\",\"@id\":\"https:\/\/anatomyandinjections.com\/panier\/#primaryimage\",\"url\":\"https:\/\/anatomyandinjections.com\/wp-content\/uploads\/2024\/04\/Slider_Lyon_2-300x300.jpg\",\"contentUrl\":\"https:\/\/anatomyandinjections.com\/wp-content\/uploads\/2024\/04\/Slider_Lyon_2-300x300.jpg\"},{\"@type\":\"BreadcrumbList\",\"@id\":\"https:\/\/anatomyandinjections.com\/panier\/#breadcrumb\",\"itemListElement\":[{\"@type\":\"ListItem\",\"position\":1,\"name\":\"Accueil\",\"item\":\"https:\/\/anatomyandinjections.com\/\"},{\"@type\":\"ListItem\",\"position\":2,\"name\":\"Panier\"}]},{\"@type\":\"WebSite\",\"@id\":\"https:\/\/anatomyandinjections.com\/#website\",\"url\":\"https:\/\/anatomyandinjections.com\/\",\"name\":\"Anatomyandinjections\",\"description\":\"D\u00e9couvrez l\u2019excellence du comit\u00e9 scientifique de notre Masterclass Anatomy and Injections Botilium Toxin Full Face\",\"publisher\":{\"@id\":\"https:\/\/anatomyandinjections.com\/#organization\"},\"potentialAction\":[{\"@type\":\"SearchAction\",\"target\":{\"@type\":\"EntryPoint\",\"urlTemplate\":\"https:\/\/anatomyandinjections.com\/?s={search_term_string}\"},\"query-input\":{\"@type\":\"PropertyValueSpecification\",\"valueRequired\":true,\"valueName\":\"search_term_string\"}}],\"inLanguage\":\"en-US\"},{\"@type\":\"Organization\",\"@id\":\"https:\/\/anatomyandinjections.com\/#organization\",\"name\":\"Anatomyandinjections\",\"url\":\"https:\/\/anatomyandinjections.com\/\",\"logo\":{\"@type\":\"ImageObject\",\"inLanguage\":\"en-US\",\"@id\":\"https:\/\/anatomyandinjections.com\/#\/schema\/logo\/image\/\",\"url\":\"https:\/\/anatomyandinjections.com\/wp-content\/uploads\/2024\/05\/cropped-Image_Favicon_aai.png\",\"contentUrl\":\"https:\/\/anatomyandinjections.com\/wp-content\/uploads\/2024\/05\/cropped-Image_Favicon_aai.png\",\"width\":512,\"height\":512,\"caption\":\"Anatomyandinjections\"},\"image\":{\"@id\":\"https:\/\/anatomyandinjections.com\/#\/schema\/logo\/image\/\"}}]}<\/script>\n<!-- \/ Yoast SEO plugin. -->","yoast_head_json":{"title":"Panier - Anatomyandinjections","robots":{"index":"index","follow":"follow","max-snippet":"max-snippet:-1","max-image-preview":"max-image-preview:large","max-video-preview":"max-video-preview:-1"},"canonical":"https:\/\/anatomyandinjections.com\/en\/panier\/","og_locale":"en_US","og_type":"article","og_title":"Panier - Anatomyandinjections","og_description":"&nbsp; Produit &nbsp; Prix Quantit\u00e9 Sous-total &times; Masterclass Lyon MASTERCLASS ANATOMIEDissections au laboratoire d\u02bcanatomie &#8211; 750 \u20ac Vendredi 04 octobre 2024: Donn\u00e9s par l&rsquo;ensemble des membres du Comit\u00e9 Scientifique Samedi 05 octobre 2024 COURS TH\u00c9ORIQUES + LIVE INJECTIONSDonn\u00e9s par l&rsquo;ensemble des membres du Comit\u00e9 Scientifique &#8211; 500 \u20ac Samedi 05 octobre 2024: Non ONE-TO-ONECaptation vid\u00e9o de votre One-to-One &#8211; 300 \u20ac Samedi 05 octobre 2024: Non Captation vid\u00e9o de votre One-to-OneFormat adapt\u00e9 \u00e0 vos supports &#8211; 300 \u20ac Samedi 05 octobre 2024: Format adapt\u00e9 \u00e0 vos supports FORFAIT DE FORMATION PREMIUMLe forfait Premium comprend toutes les options de la Masterclass Anatomy and Injections 2024 &#8211; 1800 \u20ac: Non 1150,00&nbsp;&euro; quantit\u00e9 de Masterclass Lyon 1150,00&nbsp;&euro; &times; Master LONDRES THEORY, CADAVER &amp; TUTORIALSPractical in cadavers and lecture theatre &#8211; 2000 \u00a3 Friday, september 06th 2024: THEORY, CADAVER &amp; TUTORIALS ONE-TO-ONE LONDON45 minutes with an expert-instructor: anatomical reminders for the upper third and the lower hird of the face, injection on a model. &#8211; 800 \u00a3 Saturday, september 07th 2024: Non THEORY, CADAVER &amp; TUTORIALS + ONE-TO-ONETraining package for two days (includes all options) &#8211; 2500 \u00a3 Friday &amp; saturday, september 06_07th: Non 2000,00&nbsp;&euro; quantit\u00e9 de Master LONDRES 2000,00&nbsp;&euro; &times; Master LONDRES THEORY, CADAVER &amp; TUTORIALSPractical in cadavers and lecture theatre &#8211; 2000 \u00a3 Friday, september 06th 2024: THEORY, CADAVER &amp; TUTORIALS ONE-TO-ONE LONDON45 minutes with an expert-instructor: anatomical reminders for the upper third and the lower hird of the face, injection on a model. &#8211; 800 \u00a3 Saturday, september 07th 2024: Non THEORY, CADAVER &amp; TUTORIALS + ONE-TO-ONETraining package for two days (includes all options) &#8211; 2500 \u00a3 Friday &amp; saturday, september 06_07th: THEORY, CADAVER &amp; TUTORIALS + ONE-TO-ONE 2500,00&nbsp;&euro; quantit\u00e9 de Master LONDRES 2500,00&nbsp;&euro; &times; Masterclass Lyon MASTERCLASS ANATOMIEDissections au laboratoire d\u02bcanatomie &#8211; 750 \u20ac Vendredi 04 octobre 2024: Non COURS TH\u00c9ORIQUES + LIVE INJECTIONSDonn\u00e9s par l&rsquo;ensemble des membres du Comit\u00e9 Scientifique &#8211; 500 \u20ac Samedi 05 octobre 2024: Non ONE-TO-ONECaptation vid\u00e9o de votre One-to-One &#8211; 300 \u20ac Samedi 05 octobre 2024: Non Captation vid\u00e9o de votre One-to-OneFormat adapt\u00e9 \u00e0 vos supports &#8211; 300 \u20ac Samedi 05 octobre 2024: Format adapt\u00e9 \u00e0 vos supports FORFAIT DE FORMATION PREMIUMLe forfait Premium comprend toutes les options de la Masterclass Anatomy and Injections 2024 &#8211; 1800 \u20ac: Non 300,00&nbsp;&euro; quantit\u00e9 de Masterclass Lyon 300,00&nbsp;&euro; &times; Masterclass Lyon MASTERCLASS ANATOMIEDissections au laboratoire d\u02bcanatomie &#8211; 750 \u20ac Vendredi 04 octobre 2024: Donn\u00e9s par l&rsquo;ensemble des membres du Comit\u00e9 Scientifique Samedi 05 octobre 2024 COURS TH\u00c9ORIQUES + LIVE INJECTIONSDonn\u00e9s par l&rsquo;ensemble des membres du Comit\u00e9 Scientifique &#8211; 500 \u20ac Samedi 05 octobre 2024: Dissections au laboratoire d\u02bcanatomie Vendredi 04 octobre 2024 ONE-TO-ONECaptation vid\u00e9o de votre One-to-One &#8211; 300 \u20ac Samedi 05 octobre 2024: Formation individuelle de 45 minutes Captation vid\u00e9o de votre One-to-OneFormat adapt\u00e9 \u00e0 vos supports &#8211; 300 \u20ac Samedi 05 octobre 2024: Non FORFAIT DE FORMATION PREMIUMLe forfait Premium comprend toutes les options de la Masterclass Anatomy and Injections 2024 &#8211; 1800 \u20ac: Le forfait Premium comprend toutes les options de la Masterclass Anatomy and Injections 2024 1800,00&nbsp;&euro; quantit\u00e9 de Masterclass Lyon 1800,00&nbsp;&euro; Mettre \u00e0 jour le panier Appliquer le code Total panier Sous-total 7750,00&nbsp;&euro; Total 7750,00&nbsp;&euro; Valider la commande","og_url":"https:\/\/anatomyandinjections.com\/en\/panier\/","og_site_name":"Anatomyandinjections","article_modified_time":"2024-05-06T11:46:57+00:00","og_image":[{"url":"https:\/\/anatomyandinjections.com\/wp-content\/uploads\/2024\/04\/Slider_Lyon_2-300x300.jpg","type":"","width":"","height":""}],"twitter_card":"summary_large_image","twitter_misc":{"Est. reading time":"2 minutes"},"schema":{"@context":"https:\/\/schema.org","@graph":[{"@type":"WebPage","@id":"https:\/\/anatomyandinjections.com\/panier\/","url":"https:\/\/anatomyandinjections.com\/panier\/","name":"Panier - Anatomyandinjections","isPartOf":{"@id":"https:\/\/anatomyandinjections.com\/#website"},"primaryImageOfPage":{"@id":"https:\/\/anatomyandinjections.com\/panier\/#primaryimage"},"image":{"@id":"https:\/\/anatomyandinjections.com\/panier\/#primaryimage"},"thumbnailUrl":"https:\/\/anatomyandinjections.com\/wp-content\/uploads\/2024\/04\/Slider_Lyon_2-300x300.jpg","datePublished":"2024-04-11T14:29:35+00:00","dateModified":"2024-05-06T11:46:57+00:00","breadcrumb":{"@id":"https:\/\/anatomyandinjections.com\/panier\/#breadcrumb"},"inLanguage":"en-US","potentialAction":[{"@type":"ReadAction","target":["https:\/\/anatomyandinjections.com\/panier\/"]}]},{"@type":"ImageObject","inLanguage":"en-US","@id":"https:\/\/anatomyandinjections.com\/panier\/#primaryimage","url":"https:\/\/anatomyandinjections.com\/wp-content\/uploads\/2024\/04\/Slider_Lyon_2-300x300.jpg","contentUrl":"https:\/\/anatomyandinjections.com\/wp-content\/uploads\/2024\/04\/Slider_Lyon_2-300x300.jpg"},{"@type":"BreadcrumbList","@id":"https:\/\/anatomyandinjections.com\/panier\/#breadcrumb","itemListElement":[{"@type":"ListItem","position":1,"name":"Accueil","item":"https:\/\/anatomyandinjections.com\/"},{"@type":"ListItem","position":2,"name":"Panier"}]},{"@type":"WebSite","@id":"https:\/\/anatomyandinjections.com\/#website","url":"https:\/\/anatomyandinjections.com\/","name":"Anatomyandinjections","description":"D\u00e9couvrez l\u2019excellence du comit\u00e9 scientifique de notre Masterclass Anatomy and Injections Botilium Toxin Full Face","publisher":{"@id":"https:\/\/anatomyandinjections.com\/#organization"},"potentialAction":[{"@type":"SearchAction","target":{"@type":"EntryPoint","urlTemplate":"https:\/\/anatomyandinjections.com\/?s={search_term_string}"},"query-input":{"@type":"PropertyValueSpecification","valueRequired":true,"valueName":"search_term_string"}}],"inLanguage":"en-US"},{"@type":"Organization","@id":"https:\/\/anatomyandinjections.com\/#organization","name":"Anatomyandinjections","url":"https:\/\/anatomyandinjections.com\/","logo":{"@type":"ImageObject","inLanguage":"en-US","@id":"https:\/\/anatomyandinjections.com\/#\/schema\/logo\/image\/","url":"https:\/\/anatomyandinjections.com\/wp-content\/uploads\/2024\/05\/cropped-Image_Favicon_aai.png","contentUrl":"https:\/\/anatomyandinjections.com\/wp-content\/uploads\/2024\/05\/cropped-Image_Favicon_aai.png","width":512,"height":512,"caption":"Anatomyandinjections"},"image":{"@id":"https:\/\/anatomyandinjections.com\/#\/schema\/logo\/image\/"}}]}},"acf":[],"_links":{"self":[{"href":"https:\/\/anatomyandinjections.com\/en\/wp-json\/wp\/v2\/pages\/760","targetHints":{"allow":["GET"]}}],"collection":[{"href":"https:\/\/anatomyandinjections.com\/en\/wp-json\/wp\/v2\/pages"}],"about":[{"href":"https:\/\/anatomyandinjections.com\/en\/wp-json\/wp\/v2\/types\/page"}],"author":[{"embeddable":true,"href":"https:\/\/anatomyandinjections.com\/en\/wp-json\/wp\/v2\/users\/1"}],"replies":[{"embeddable":true,"href":"https:\/\/anatomyandinjections.com\/en\/wp-json\/wp\/v2\/comments?post=760"}],"version-history":[{"count":58,"href":"https:\/\/anatomyandinjections.com\/en\/wp-json\/wp\/v2\/pages\/760\/revisions"}],"predecessor-version":[{"id":1678,"href":"https:\/\/anatomyandinjections.com\/en\/wp-json\/wp\/v2\/pages\/760\/revisions\/1678"}],"wp:attachment":[{"href":"https:\/\/anatomyandinjections.com\/en\/wp-json\/wp\/v2\/media?parent=760"}],"curies":[{"name":"wp","href":"https:\/\/api.w.org\/{rel}","templated":true}]}}