
{"id":775,"date":"2024-04-11T19:37:27","date_gmt":"2024-04-11T17:37:27","guid":{"rendered":"https:\/\/anatomyandinjections.com\/?page_id=775"},"modified":"2024-07-31T17:56:53","modified_gmt":"2024-07-31T15:56:53","slug":"inscription","status":"publish","type":"page","link":"https:\/\/anatomyandinjections.com\/en\/inscription\/","title":{"rendered":"Registration"},"content":{"rendered":"<div data-elementor-type=\"wp-page\" data-elementor-id=\"775\" class=\"elementor elementor-775\">\n\t\t\t\t<div class=\"elementor-element elementor-element-1d764fe e-flex e-con-boxed wpr-particle-no wpr-jarallax-no wpr-parallax-no wpr-sticky-section-no wpr-equal-height-no e-con e-parent\" data-id=\"1d764fe\" data-element_type=\"container\" data-e-type=\"container\">\n\t\t\t\t\t<div class=\"e-con-inner\">\n\t\t\t\t<div class=\"elementor-element elementor-element-bcc6cae elementor-widget elementor-widget-shortcode\" data-id=\"bcc6cae\" data-element_type=\"widget\" data-e-type=\"widget\" data-widget_type=\"shortcode.default\">\n\t\t\t\t<div class=\"elementor-widget-container\">\n\t\t\t\t\t\t\t<div class=\"elementor-shortcode\">\n    \n    <form class=\"inscriptioform\" action=\"\/en\/wp-json\/wp\/v2\/pages\/775\" method=\"post\" enctype=\"multipart\/form-data\" data-trp-original-action=\"\/en\/wp-json\/wp\/v2\/pages\/775\">\n        <div>\n            <label for=\"firstname\">Pr\u00e9nom <strong>*<\/strong><\/label>\n            <input type=\"text\" name=\"firstname\" value=\"\" required>\n        <\/div>\n        <div>\n            <label for=\"lastname\">Nom<\/label>\n            <input type=\"text\" name=\"lastname\" value=\"\">\n        <\/div>\n        \n        <div class=\"honeypot-field\" style=\"display:none;\">\n             <label for=\"website_url\">Website<\/label>\n             <input type=\"text\" name=\"website_url\" id=\"website_url\" autocomplete=\"off\" tabindex=\"-1\">\n        <\/div>\n        \n        <div>\n            <label for=\"country\">Pays <strong>*<\/strong><\/label>\n            <input type=\"text\" name=\"country\" value=\"\" required>\n        <\/div>\n        <div>\n            <label for=\"speciality\">Sp\u00e9cialit\u00e9 <strong>*<\/strong><\/label>\n            <select name=\"speciality\" required>\n                <option value=\"Chirurgien plasticien\" >Chirurgien plasticien<\/option>\n                <option value=\"Chirurgien de la face et du cou\" >Face and neck surgeon<\/option>\n                <option value=\"Ophtalmologue\" >Ophtalmologue<\/option>\n                <option value=\"Dermatologue\" >Dermatologue<\/option>\n                <option value=\"M\u00e9decin esth\u00e9tique\" >M\u00e9decin esth\u00e9tique<\/option>\n                <option value=\"Autre sp\u00e9cialit\u00e9\" >Autre sp\u00e9cialit\u00e9<\/option>\n            <\/select>\n        <\/div>\n        <div>\n            <input type=\"checkbox\" name=\"certification\" id=\"certification\" required>\n            <label for=\"certification\">Je certifie \u00eatre m\u00e9decin et j'ai ajout\u00e9 mon dipl\u00f4me ou num\u00e9ro RPPS <strong>*<\/strong><\/label>\n        <\/div>\n        <div class=\"fleex1\">\n            <div class=\"fleex2\">\n                <div>\n                    <label for=\"rpps\">Num\u00e9ro RPPS (m\u00e9decin France)<\/label>\n                    <input type=\"text\" name=\"rpps\" value=\"\">\n                <\/div>\n                <div>\n                    <label for=\"phone\">Num\u00e9ro de t\u00e9l\u00e9phone <strong>*<\/strong><\/label>\n                    <input type=\"tel\" name=\"phone\" value=\"\" required>\n                <\/div>\n            <\/div>\n            <div class=\"fleex2 addiplome\">\n                <div>\n                    <label for=\"diploma\">Ajouter mon dipl\u00f4me (Format jpg, png, pdf)<\/label>\n                    <input type=\"file\" name=\"diploma\" accept=\".jpg,.png,.pdf\">\n                <\/div>\n            <\/div>\n        <\/div>\n        <div>\n            <label for=\"username\">Nom d\u2019utilisateur <strong>*<\/strong><\/label>\n            <input type=\"text\" name=\"username\" value=\"\" required>\n        <\/div>\n        <div>\n            <label for=\"email\">Email <strong>*<\/strong><\/label>\n            <input type=\"email\" name=\"email\" value=\"\" required>\n        <\/div>\n        <div>\n            <label for=\"password\">Mot de passe <strong>*<\/strong><\/label>\n            <input type=\"password\" name=\"password\" required>\n        <\/div>\n      \n        <div class=\"g-recaptcha\" data-sitekey=\"6LfpS2QrAAAAAKjWA60vTQzCi1aLjxsQgaIs-B3y\"><\/div>\n        \n        <input type=\"hidden\" id=\"custom_user_reg_nonce\" name=\"custom_user_reg_nonce\" value=\"1b6578c0ac\" \/><input type=\"hidden\" name=\"_wp_http_referer\" value=\"\/en\/wp-json\/wp\/v2\/pages\/775\" \/>\n        \n        <input class=\"boutoninsc\" type=\"submit\" name=\"submit\" value=\"S\u2019inscrire\"\/>\n    <input type=\"hidden\" name=\"trp-form-language\" value=\"en\"\/><\/form><\/div>\n\t\t\t\t\t\t<\/div>\n\t\t\t\t<\/div>\n\t\t\t\t\t<\/div>\n\t\t\t\t<\/div>\n\t\t\t\t<\/div>","protected":false},"excerpt":{"rendered":"","protected":false},"author":1,"featured_media":0,"parent":0,"menu_order":0,"comment_status":"closed","ping_status":"closed","template":"elementor_canvas","meta":{"footnotes":""},"class_list":["post-775","page","type-page","status-publish","hentry"],"yoast_head":"<!-- This site is optimized with the Yoast SEO plugin v25.3 - https:\/\/yoast.com\/wordpress\/plugins\/seo\/ -->\n<title>Inscription - Anatomyandinjections<\/title>\n<meta name=\"robots\" content=\"index, follow, max-snippet:-1, max-image-preview:large, max-video-preview:-1\" \/>\n<link rel=\"canonical\" href=\"https:\/\/anatomyandinjections.com\/en\/inscription\/\" \/>\n<meta property=\"og:locale\" content=\"en_US\" \/>\n<meta property=\"og:type\" content=\"article\" \/>\n<meta property=\"og:title\" content=\"Inscription - Anatomyandinjections\" \/>\n<meta property=\"og:url\" content=\"https:\/\/anatomyandinjections.com\/en\/inscription\/\" \/>\n<meta property=\"og:site_name\" content=\"Anatomyandinjections\" \/>\n<meta property=\"article:modified_time\" content=\"2024-07-31T15:56:53+00:00\" \/>\n<meta name=\"twitter:card\" content=\"summary_large_image\" \/>\n<script type=\"application\/ld+json\" class=\"yoast-schema-graph\">{\"@context\":\"https:\/\/schema.org\",\"@graph\":[{\"@type\":\"WebPage\",\"@id\":\"https:\/\/anatomyandinjections.com\/inscription\/\",\"url\":\"https:\/\/anatomyandinjections.com\/inscription\/\",\"name\":\"Inscription - Anatomyandinjections\",\"isPartOf\":{\"@id\":\"https:\/\/anatomyandinjections.com\/#website\"},\"datePublished\":\"2024-04-11T17:37:27+00:00\",\"dateModified\":\"2024-07-31T15:56:53+00:00\",\"breadcrumb\":{\"@id\":\"https:\/\/anatomyandinjections.com\/inscription\/#breadcrumb\"},\"inLanguage\":\"en-US\",\"potentialAction\":[{\"@type\":\"ReadAction\",\"target\":[\"https:\/\/anatomyandinjections.com\/inscription\/\"]}]},{\"@type\":\"BreadcrumbList\",\"@id\":\"https:\/\/anatomyandinjections.com\/inscription\/#breadcrumb\",\"itemListElement\":[{\"@type\":\"ListItem\",\"position\":1,\"name\":\"Accueil\",\"item\":\"https:\/\/anatomyandinjections.com\/\"},{\"@type\":\"ListItem\",\"position\":2,\"name\":\"Inscription\"}]},{\"@type\":\"WebSite\",\"@id\":\"https:\/\/anatomyandinjections.com\/#website\",\"url\":\"https:\/\/anatomyandinjections.com\/\",\"name\":\"Anatomyandinjections\",\"description\":\"D\u00e9couvrez l\u2019excellence du comit\u00e9 scientifique de notre Masterclass Anatomy and Injections Botilium Toxin Full Face\",\"publisher\":{\"@id\":\"https:\/\/anatomyandinjections.com\/#organization\"},\"potentialAction\":[{\"@type\":\"SearchAction\",\"target\":{\"@type\":\"EntryPoint\",\"urlTemplate\":\"https:\/\/anatomyandinjections.com\/?s={search_term_string}\"},\"query-input\":{\"@type\":\"PropertyValueSpecification\",\"valueRequired\":true,\"valueName\":\"search_term_string\"}}],\"inLanguage\":\"en-US\"},{\"@type\":\"Organization\",\"@id\":\"https:\/\/anatomyandinjections.com\/#organization\",\"name\":\"Anatomyandinjections\",\"url\":\"https:\/\/anatomyandinjections.com\/\",\"logo\":{\"@type\":\"ImageObject\",\"inLanguage\":\"en-US\",\"@id\":\"https:\/\/anatomyandinjections.com\/#\/schema\/logo\/image\/\",\"url\":\"https:\/\/anatomyandinjections.com\/wp-content\/uploads\/2024\/05\/cropped-Image_Favicon_aai.png\",\"contentUrl\":\"https:\/\/anatomyandinjections.com\/wp-content\/uploads\/2024\/05\/cropped-Image_Favicon_aai.png\",\"width\":512,\"height\":512,\"caption\":\"Anatomyandinjections\"},\"image\":{\"@id\":\"https:\/\/anatomyandinjections.com\/#\/schema\/logo\/image\/\"}}]}<\/script>\n<!-- \/ Yoast SEO plugin. -->","yoast_head_json":{"title":"Inscription - Anatomyandinjections","robots":{"index":"index","follow":"follow","max-snippet":"max-snippet:-1","max-image-preview":"max-image-preview:large","max-video-preview":"max-video-preview:-1"},"canonical":"https:\/\/anatomyandinjections.com\/en\/inscription\/","og_locale":"en_US","og_type":"article","og_title":"Inscription - Anatomyandinjections","og_url":"https:\/\/anatomyandinjections.com\/en\/inscription\/","og_site_name":"Anatomyandinjections","article_modified_time":"2024-07-31T15:56:53+00:00","twitter_card":"summary_large_image","schema":{"@context":"https:\/\/schema.org","@graph":[{"@type":"WebPage","@id":"https:\/\/anatomyandinjections.com\/inscription\/","url":"https:\/\/anatomyandinjections.com\/inscription\/","name":"Inscription - Anatomyandinjections","isPartOf":{"@id":"https:\/\/anatomyandinjections.com\/#website"},"datePublished":"2024-04-11T17:37:27+00:00","dateModified":"2024-07-31T15:56:53+00:00","breadcrumb":{"@id":"https:\/\/anatomyandinjections.com\/inscription\/#breadcrumb"},"inLanguage":"en-US","potentialAction":[{"@type":"ReadAction","target":["https:\/\/anatomyandinjections.com\/inscription\/"]}]},{"@type":"BreadcrumbList","@id":"https:\/\/anatomyandinjections.com\/inscription\/#breadcrumb","itemListElement":[{"@type":"ListItem","position":1,"name":"Accueil","item":"https:\/\/anatomyandinjections.com\/"},{"@type":"ListItem","position":2,"name":"Inscription"}]},{"@type":"WebSite","@id":"https:\/\/anatomyandinjections.com\/#website","url":"https:\/\/anatomyandinjections.com\/","name":"Anatomyandinjections","description":"D\u00e9couvrez l\u2019excellence du comit\u00e9 scientifique de notre Masterclass Anatomy and Injections Botilium Toxin Full Face","publisher":{"@id":"https:\/\/anatomyandinjections.com\/#organization"},"potentialAction":[{"@type":"SearchAction","target":{"@type":"EntryPoint","urlTemplate":"https:\/\/anatomyandinjections.com\/?s={search_term_string}"},"query-input":{"@type":"PropertyValueSpecification","valueRequired":true,"valueName":"search_term_string"}}],"inLanguage":"en-US"},{"@type":"Organization","@id":"https:\/\/anatomyandinjections.com\/#organization","name":"Anatomyandinjections","url":"https:\/\/anatomyandinjections.com\/","logo":{"@type":"ImageObject","inLanguage":"en-US","@id":"https:\/\/anatomyandinjections.com\/#\/schema\/logo\/image\/","url":"https:\/\/anatomyandinjections.com\/wp-content\/uploads\/2024\/05\/cropped-Image_Favicon_aai.png","contentUrl":"https:\/\/anatomyandinjections.com\/wp-content\/uploads\/2024\/05\/cropped-Image_Favicon_aai.png","width":512,"height":512,"caption":"Anatomyandinjections"},"image":{"@id":"https:\/\/anatomyandinjections.com\/#\/schema\/logo\/image\/"}}]}},"acf":[],"_links":{"self":[{"href":"https:\/\/anatomyandinjections.com\/en\/wp-json\/wp\/v2\/pages\/775","targetHints":{"allow":["GET"]}}],"collection":[{"href":"https:\/\/anatomyandinjections.com\/en\/wp-json\/wp\/v2\/pages"}],"about":[{"href":"https:\/\/anatomyandinjections.com\/en\/wp-json\/wp\/v2\/types\/page"}],"author":[{"embeddable":true,"href":"https:\/\/anatomyandinjections.com\/en\/wp-json\/wp\/v2\/users\/1"}],"replies":[{"embeddable":true,"href":"https:\/\/anatomyandinjections.com\/en\/wp-json\/wp\/v2\/comments?post=775"}],"version-history":[{"count":7,"href":"https:\/\/anatomyandinjections.com\/en\/wp-json\/wp\/v2\/pages\/775\/revisions"}],"predecessor-version":[{"id":2393,"href":"https:\/\/anatomyandinjections.com\/en\/wp-json\/wp\/v2\/pages\/775\/revisions\/2393"}],"wp:attachment":[{"href":"https:\/\/anatomyandinjections.com\/en\/wp-json\/wp\/v2\/media?parent=775"}],"curies":[{"name":"wp","href":"https:\/\/api.w.org\/{rel}","templated":true}]}}